{"id":3,"date":"2026-03-23T12:02:08","date_gmt":"2026-03-23T12:02:08","guid":{"rendered":"https:\/\/j70studio.com\/?page_id=3"},"modified":"2026-04-30T17:02:08","modified_gmt":"2026-04-30T15:02:08","slug":"politica-de-privacidad","status":"publish","type":"page","link":"https:\/\/j70studio.com\/eu\/politica-de-privacidad\/","title":{"rendered":"Pol\u00edtica de Privacidad"},"content":{"rendered":"<p>Mediante la presente Pol\u00edtica de Privacidad, J70 Studio informa a los usuarios de los usos a los que se someten los datos de car\u00e1cter personal que se recaban en este sitio web, con el fin de que decidan, libre y voluntariamente, si desean facilitar la informaci\u00f3n solicitada. Los datos ser\u00e1n recogidos exclusivamente para fines determinados, expl\u00edcitos y leg\u00edtimos, y no ser\u00e1n tratados ulteriormente por parte de J70 Studio \u00a0de manera incompatible con dichos fines.<\/p>\n\n\n\n<p>Esta Pol\u00edtica de Privacidad puede cambiar con el tiempo o ser actualizada por lo que le recomendamos revisar esta p\u00e1gina para asegurarse que est\u00e1 de acuerdo con dichos cambios.<\/p>\n\n\n\n<p><strong>\u00bfQui\u00e9n es el Responsable del tratamiento de sus datos?<\/strong><\/p>\n\n\n\n<p>El responsable del tratamiento de los datos personales obtenidos esJ70 Studio con domicilio social: _. Su direcci\u00f3n de correo electr\u00f3nico es \u201cemail\u201d<\/p>\n\n\n\n<p><strong>\u00bfCon qu\u00e9 finalidad tratamos sus datos personales?<\/strong><\/p>\n\n\n\n<p>En J70 Studio \u00a0tratamos la informaci\u00f3n que nos facilitan las personas interesadas con el fin de:<\/p>\n\n\n\n<p>1. En el caso de que nos haya enviado un mensaje a trav\u00e9s del formulario de contacto, gestionar la solicitud realizada para atender la consulta planteada.<\/p>\n\n\n\n<p>2. En el caso de que haya solicitado una auditor\u00eda web gratuita, atender la solicitud de la realizaci\u00f3n de la misma.<\/p>\n\n\n\n<p>3. En el caso de que quiera suscribirse a nuestra newsletter, gestionar su suscripci\u00f3n.<\/p>\n\n\n\n<p>Tratamos la informaci\u00f3n que nos facilitan las personas interesadas comprometi\u00e9ndonos a tratar de forma confidencial los datos de car\u00e1cter personal facilitados as\u00ed como el garantizar la correcta atenci\u00f3n de las peticiones efectuadas.<\/p>\n\n\n\n<p><strong>\u00bfPor cu\u00e1nto tiempo conservaremos sus datos?<\/strong><\/p>\n\n\n\n<p>Los datos personales proporcionados se conservar\u00e1n mientras no se solicite su supresi\u00f3n por el interesado.<\/p>\n\n\n\n<p>J70 Studio cancelar\u00e1 o rectificar\u00e1 los datos cuando resulten inexactos, incompletos o hayan dejado de ser necesarios o pertinentes para su finalidad.<\/p>\n\n\n\n<p><strong>\u00bfCu\u00e1l es la legitimaci\u00f3n para el tratamiento de sus datos?<\/strong><\/p>\n\n\n\n<p>La base legal para el tratamiento es el propio consentimiento del interesado.<\/p>\n\n\n\n<p>Podr\u00e1s decidir libre y voluntariamente si deseas que tratemos dicha informaci\u00f3n. Cuando precisemos obtener informaci\u00f3n por su parte, siempre le solicitaremos que nos la proporcione voluntariamente de forma expresa.<\/p>\n\n\n\n<p><strong>\u00bfA qu\u00e9 destinatarios se comunicar\u00e1n sus datos?<\/strong><\/p>\n\n\n\n<p>J70 Studio \u00a0se compromete a no ceder, vender, ni compartir los datos con terceros sin su aprobaci\u00f3n expresa, salvo obligaci\u00f3n legal.<\/p>\n\n\n\n<p>Nos comprometemos a guardar secreto de los datos garantizando adaptar las medidas necesarias para evitar su alteraci\u00f3n, p\u00e9rdida, tratamiento o acceso no autorizado. Tenemos implementados los m\u00e1s altos niveles de seguridad exigidos por la legislaci\u00f3n para proteger tus datos de car\u00e1cter personal.<\/p>\n\n\n\n<p><strong>\u00bfCuales son tus derechos cuando nos facilitas tus datos?<\/strong><\/p>\n\n\n\n<p>Cualquier persona tiene derecho a obtener confirmaci\u00f3n sobre si en J70 Studio estamos tratando datos personales que les conciernan, o no.<\/p>\n\n\n\n<p>Las personas interesadas tienen derecho a si acceder a sus datos personales, as\u00ed como a solicitar la rectificaci\u00f3n de los datos inexactos o, en su caso, solicitar su supresi\u00f3n cuando, entre otros motivos, los datos ya no sean necesarios para los fines que fueron recogidos.<\/p>\n\n\n\n<p>En determinadas circunstancias, los interesados podr\u00e1n solicitar la limitaci\u00f3n del tratamiento de sus datos, en cuyo caso \u00fanicamente los conservaremos para el ejercicio o la defensa de reclamaciones. Tambi\u00e9n los interesados tendr\u00e1n derecho a retirar el consentimiento en cualquier momento, sin que ello afecte a la licitud del tratamiento basado en el consentimiento previo a su retirada.<\/p>\n\n\n\n<p>En determinadas circunstancias y por motivos relacionados con su situaci\u00f3n particular, los interesados podr\u00e1n oponerse oponerse al tratamiento de sus datos.<\/p>\n\n\n\n<p>J70 Studio dejar\u00e1 de tratar los datos, salvo por motivos leg\u00edtimos imperiosos, o el ejercicio o la defensa de posibles reclamaciones.<\/p>\n\n\n\n<p>El usuario tendr\u00e1 derecho a la portabilidad, es decir, a que los datos personales que hubiera facilitado, se transmitan directamente a otro responsable en formato estructurado, de uso com\u00fan y lectura mec\u00e1nica, cuando t\u00e9cnicamente fuera posible.<\/p>\n\n\n\n<p>El titular de los datos, o su representante legal, acreditando su identidad pueden ejercer los referidos derechos dirigiendo un email a la direcci\u00f3n electr\u00f3nica info@j70studio.com o mediante correo postal: _<\/p>\n\n\n\n<p>Puede obtener informaci\u00f3n adicional acerca de sus derechos ante la Agencia Espa\u00f1ola de Protecci\u00f3n de Datos en http:\/\/www.agpd.es<\/p>\n\n\n\n<p>Cuando el titular de los derechos no haya obtenido satisfacci\u00f3n en el ejercicio de los mismos, puede reclamar la asistencia de la Agencia Espa\u00f1ola de Protecci\u00f3n de Datos para que el ejercicio de sus derechos sea efectivo, mediante la presentaci\u00f3n de una Reclamaci\u00f3n de Tutela de Derechos (https:\/\/www.agpd.es)<\/p>","protected":false},"excerpt":{"rendered":"<p>Mediante la presente Pol\u00edtica de Privacidad, J70 Studio informa a los usuarios de los usos a los que se someten [&hellip;]<\/p>\n","protected":false},"author":1,"featured_media":0,"parent":0,"menu_order":0,"comment_status":"closed","ping_status":"closed","template":"","meta":{"_uag_custom_page_level_css":"","site-sidebar-layout":"default","site-content-layout":"","ast-site-content-layout":"default","site-content-style":"default","site-sidebar-style":"default","ast-global-header-display":"","ast-banner-title-visibility":"","ast-main-header-display":"","ast-hfb-above-header-display":"","ast-hfb-below-header-display":"","ast-hfb-mobile-header-display":"","site-post-title":"","ast-breadcrumbs-content":"","ast-featured-img":"","footer-sml-layout":"","ast-disable-related-posts":"","theme-transparent-header-meta":"","adv-header-id-meta":"","stick-header-meta":"","header-above-stick-meta":"","header-main-stick-meta":"","header-below-stick-meta":"","astra-migrate-meta-layouts":"default","ast-page-background-enabled":"default","ast-page-background-meta":{"desktop":{"background-color":"var(--ast-global-color-5)","background-image":"","background-repeat":"repeat","background-position":"center center","background-size":"auto","background-attachment":"scroll","background-type":"","background-media":"","overlay-type":"","overlay-color":"","overlay-opacity":"","overlay-gradient":""},"tablet":{"background-color":"","background-image":"","background-repeat":"repeat","background-position":"center center","background-size":"auto","background-attachment":"scroll","background-type":"","background-media":"","overlay-type":"","overlay-color":"","overlay-opacity":"","overlay-gradient":""},"mobile":{"background-color":"","background-image":"","background-repeat":"repeat","background-position":"center center","background-size":"auto","background-attachment":"scroll","background-type":"","background-media":"","overlay-type":"","overlay-color":"","overlay-opacity":"","overlay-gradient":""}},"ast-content-background-meta":{"desktop":{"background-color":"var(--ast-global-color-4)","background-image":"","background-repeat":"repeat","background-position":"center center","background-size":"auto","background-attachment":"scroll","background-type":"","background-media":"","overlay-type":"","overlay-color":"","overlay-opacity":"","overlay-gradient":""},"tablet":{"background-color":"var(--ast-global-color-4)","background-image":"","background-repeat":"repeat","background-position":"center center","background-size":"auto","background-attachment":"scroll","background-type":"","background-media":"","overlay-type":"","overlay-color":"","overlay-opacity":"","overlay-gradient":""},"mobile":{"background-color":"var(--ast-global-color-4)","background-image":"","background-repeat":"repeat","background-position":"center center","background-size":"auto","background-attachment":"scroll","background-type":"","background-media":"","overlay-type":"","overlay-color":"","overlay-opacity":"","overlay-gradient":""}},"footnotes":""},"class_list":["post-3","page","type-page","status-publish","hentry"],"yoast_head":"<!-- This site is optimized with the Yoast SEO plugin v27.4 - https:\/\/yoast.com\/product\/yoast-seo-wordpress\/ -->\n<title>Pol\u00edtica de Privacidad - J70 Studio<\/title>\n<meta name=\"robots\" content=\"index, follow, max-snippet:-1, max-image-preview:large, max-video-preview:-1\" \/>\n<link rel=\"canonical\" href=\"https:\/\/j70studio.com\/eu\/politica-de-privacidad\/\" \/>\n<meta property=\"og:locale\" content=\"en_US\" \/>\n<meta property=\"og:type\" content=\"article\" \/>\n<meta property=\"og:title\" content=\"Pol\u00edtica de Privacidad - J70 Studio\" \/>\n<meta property=\"og:description\" content=\"Mediante la presente Pol\u00edtica de Privacidad, J70 Studio informa a los usuarios de los usos a los que se someten [&hellip;]\" \/>\n<meta property=\"og:url\" content=\"https:\/\/j70studio.com\/eu\/politica-de-privacidad\/\" \/>\n<meta property=\"og:site_name\" content=\"J70 Studio\" \/>\n<meta property=\"article:modified_time\" content=\"2026-04-30T15:02:08+00:00\" \/>\n<meta name=\"twitter:card\" content=\"summary_large_image\" \/>\n<meta name=\"twitter:label1\" content=\"Est. reading time\" \/>\n\t<meta name=\"twitter:data1\" content=\"4 minutua\" \/>\n<script type=\"application\/ld+json\" class=\"yoast-schema-graph\">{\"@context\":\"https:\\\/\\\/schema.org\",\"@graph\":[{\"@type\":\"WebPage\",\"@id\":\"https:\\\/\\\/j70studio.com\\\/politica-de-privacidad\\\/\",\"url\":\"https:\\\/\\\/j70studio.com\\\/politica-de-privacidad\\\/\",\"name\":\"Pol\u00edtica de Privacidad - J70 Studio\",\"isPartOf\":{\"@id\":\"https:\\\/\\\/j70studio.com\\\/#website\"},\"datePublished\":\"2026-03-23T12:02:08+00:00\",\"dateModified\":\"2026-04-30T15:02:08+00:00\",\"breadcrumb\":{\"@id\":\"https:\\\/\\\/j70studio.com\\\/politica-de-privacidad\\\/#breadcrumb\"},\"inLanguage\":\"eu\",\"potentialAction\":[{\"@type\":\"ReadAction\",\"target\":[\"https:\\\/\\\/j70studio.com\\\/politica-de-privacidad\\\/\"]}]},{\"@type\":\"BreadcrumbList\",\"@id\":\"https:\\\/\\\/j70studio.com\\\/politica-de-privacidad\\\/#breadcrumb\",\"itemListElement\":[{\"@type\":\"ListItem\",\"position\":1,\"name\":\"Portada\",\"item\":\"https:\\\/\\\/j70studio.com\\\/\"},{\"@type\":\"ListItem\",\"position\":2,\"name\":\"Pol\u00edtica de Privacidad\"}]},{\"@type\":\"WebSite\",\"@id\":\"https:\\\/\\\/j70studio.com\\\/#website\",\"url\":\"https:\\\/\\\/j70studio.com\\\/\",\"name\":\"J70\",\"description\":\"\",\"publisher\":{\"@id\":\"https:\\\/\\\/j70studio.com\\\/#organization\"},\"potentialAction\":[{\"@type\":\"SearchAction\",\"target\":{\"@type\":\"EntryPoint\",\"urlTemplate\":\"https:\\\/\\\/j70studio.com\\\/?s={search_term_string}\"},\"query-input\":{\"@type\":\"PropertyValueSpecification\",\"valueRequired\":true,\"valueName\":\"search_term_string\"}}],\"inLanguage\":\"eu\"},{\"@type\":\"Organization\",\"@id\":\"https:\\\/\\\/j70studio.com\\\/#organization\",\"name\":\"Ultimate Blogging Championship\",\"url\":\"https:\\\/\\\/j70studio.com\\\/\",\"logo\":{\"@type\":\"ImageObject\",\"inLanguage\":\"eu\",\"@id\":\"https:\\\/\\\/j70studio.com\\\/#\\\/schema\\\/logo\\\/image\\\/\",\"url\":\"https:\\\/\\\/j70studio.com\\\/wp-content\\\/uploads\\\/2026\\\/03\\\/J70logo.webp\",\"contentUrl\":\"https:\\\/\\\/j70studio.com\\\/wp-content\\\/uploads\\\/2026\\\/03\\\/J70logo.webp\",\"width\":300,\"height\":141,\"caption\":\"Ultimate Blogging Championship\"},\"image\":{\"@id\":\"https:\\\/\\\/j70studio.com\\\/#\\\/schema\\\/logo\\\/image\\\/\"}}]}<\/script>\n<!-- \/ Yoast SEO plugin. -->","yoast_head_json":{"title":"Pol\u00edtica de Privacidad - J70 Studio","robots":{"index":"index","follow":"follow","max-snippet":"max-snippet:-1","max-image-preview":"max-image-preview:large","max-video-preview":"max-video-preview:-1"},"canonical":"https:\/\/j70studio.com\/eu\/politica-de-privacidad\/","og_locale":"en_US","og_type":"article","og_title":"Pol\u00edtica de Privacidad - J70 Studio","og_description":"Mediante la presente Pol\u00edtica de Privacidad, J70 Studio informa a los usuarios de los usos a los que se someten [&hellip;]","og_url":"https:\/\/j70studio.com\/eu\/politica-de-privacidad\/","og_site_name":"J70 Studio","article_modified_time":"2026-04-30T15:02:08+00:00","twitter_card":"summary_large_image","twitter_misc":{"Est. reading time":"4 minutua"},"schema":{"@context":"https:\/\/schema.org","@graph":[{"@type":"WebPage","@id":"https:\/\/j70studio.com\/politica-de-privacidad\/","url":"https:\/\/j70studio.com\/politica-de-privacidad\/","name":"Pol\u00edtica de Privacidad - J70 Studio","isPartOf":{"@id":"https:\/\/j70studio.com\/#website"},"datePublished":"2026-03-23T12:02:08+00:00","dateModified":"2026-04-30T15:02:08+00:00","breadcrumb":{"@id":"https:\/\/j70studio.com\/politica-de-privacidad\/#breadcrumb"},"inLanguage":"eu","potentialAction":[{"@type":"ReadAction","target":["https:\/\/j70studio.com\/politica-de-privacidad\/"]}]},{"@type":"BreadcrumbList","@id":"https:\/\/j70studio.com\/politica-de-privacidad\/#breadcrumb","itemListElement":[{"@type":"ListItem","position":1,"name":"Portada","item":"https:\/\/j70studio.com\/"},{"@type":"ListItem","position":2,"name":"Pol\u00edtica de Privacidad"}]},{"@type":"WebSite","@id":"https:\/\/j70studio.com\/#website","url":"https:\/\/j70studio.com\/","name":"J70","description":"","publisher":{"@id":"https:\/\/j70studio.com\/#organization"},"potentialAction":[{"@type":"SearchAction","target":{"@type":"EntryPoint","urlTemplate":"https:\/\/j70studio.com\/?s={search_term_string}"},"query-input":{"@type":"PropertyValueSpecification","valueRequired":true,"valueName":"search_term_string"}}],"inLanguage":"eu"},{"@type":"Organization","@id":"https:\/\/j70studio.com\/#organization","name":"Ultimate Blogging Championship","url":"https:\/\/j70studio.com\/","logo":{"@type":"ImageObject","inLanguage":"eu","@id":"https:\/\/j70studio.com\/#\/schema\/logo\/image\/","url":"https:\/\/j70studio.com\/wp-content\/uploads\/2026\/03\/J70logo.webp","contentUrl":"https:\/\/j70studio.com\/wp-content\/uploads\/2026\/03\/J70logo.webp","width":300,"height":141,"caption":"Ultimate Blogging Championship"},"image":{"@id":"https:\/\/j70studio.com\/#\/schema\/logo\/image\/"}}]}},"spectra_custom_meta":{"_wp_page_template":["default"],"_edit_last":["1"],"_edit_lock":["1777561981:1"],"astra_style_timestamp_css":["1777593336"],"_uagb_previous_block_counts":["a:90:{s:21:\"uagb\/advanced-heading\";i:0;s:15:\"uagb\/blockquote\";i:0;s:12:\"uagb\/buttons\";i:0;s:18:\"uagb\/buttons-child\";i:0;s:19:\"uagb\/call-to-action\";i:0;s:15:\"uagb\/cf7-styler\";i:0;s:11:\"uagb\/column\";i:0;s:12:\"uagb\/columns\";i:0;s:14:\"uagb\/container\";i:0;s:21:\"uagb\/content-timeline\";i:0;s:27:\"uagb\/content-timeline-child\";i:0;s:14:\"uagb\/countdown\";i:0;s:12:\"uagb\/counter\";i:0;s:8:\"uagb\/faq\";i:0;s:14:\"uagb\/faq-child\";i:0;s:10:\"uagb\/forms\";i:0;s:17:\"uagb\/forms-accept\";i:0;s:19:\"uagb\/forms-checkbox\";i:0;s:15:\"uagb\/forms-date\";i:0;s:16:\"uagb\/forms-email\";i:0;s:17:\"uagb\/forms-hidden\";i:0;s:15:\"uagb\/forms-name\";i:0;s:16:\"uagb\/forms-phone\";i:0;s:16:\"uagb\/forms-radio\";i:0;s:17:\"uagb\/forms-select\";i:0;s:19:\"uagb\/forms-textarea\";i:0;s:17:\"uagb\/forms-toggle\";i:0;s:14:\"uagb\/forms-url\";i:0;s:14:\"uagb\/gf-styler\";i:0;s:15:\"uagb\/google-map\";i:0;s:11:\"uagb\/how-to\";i:0;s:16:\"uagb\/how-to-step\";i:0;s:9:\"uagb\/icon\";i:0;s:14:\"uagb\/icon-list\";i:0;s:20:\"uagb\/icon-list-child\";i:0;s:10:\"uagb\/image\";i:0;s:18:\"uagb\/image-gallery\";i:0;s:13:\"uagb\/info-box\";i:0;s:18:\"uagb\/inline-notice\";i:0;s:11:\"uagb\/lottie\";i:0;s:21:\"uagb\/marketing-button\";i:0;s:10:\"uagb\/modal\";i:0;s:18:\"uagb\/popup-builder\";i:0;s:16:\"uagb\/post-button\";i:0;s:18:\"uagb\/post-carousel\";i:0;s:17:\"uagb\/post-excerpt\";i:0;s:14:\"uagb\/post-grid\";i:0;s:15:\"uagb\/post-image\";i:0;s:17:\"uagb\/post-masonry\";i:0;s:14:\"uagb\/post-meta\";i:0;s:18:\"uagb\/post-taxonomy\";i:0;s:18:\"uagb\/post-timeline\";i:0;s:15:\"uagb\/post-title\";i:0;s:20:\"uagb\/restaurant-menu\";i:0;s:26:\"uagb\/restaurant-menu-child\";i:0;s:11:\"uagb\/review\";i:0;s:12:\"uagb\/section\";i:0;s:14:\"uagb\/separator\";i:0;s:11:\"uagb\/slider\";i:0;s:17:\"uagb\/slider-child\";i:0;s:17:\"uagb\/social-share\";i:0;s:23:\"uagb\/social-share-child\";i:0;s:16:\"uagb\/star-rating\";i:0;s:23:\"uagb\/sure-cart-checkout\";i:0;s:22:\"uagb\/sure-cart-product\";i:0;s:15:\"uagb\/sure-forms\";i:0;s:22:\"uagb\/table-of-contents\";i:0;s:9:\"uagb\/tabs\";i:0;s:15:\"uagb\/tabs-child\";i:0;s:18:\"uagb\/taxonomy-list\";i:0;s:9:\"uagb\/team\";i:0;s:16:\"uagb\/testimonial\";i:0;s:14:\"uagb\/wp-search\";i:0;s:19:\"uagb\/instagram-feed\";i:0;s:10:\"uagb\/login\";i:0;s:17:\"uagb\/loop-builder\";i:0;s:18:\"uagb\/loop-category\";i:0;s:20:\"uagb\/loop-pagination\";i:0;s:15:\"uagb\/loop-reset\";i:0;s:16:\"uagb\/loop-search\";i:0;s:14:\"uagb\/loop-sort\";i:0;s:17:\"uagb\/loop-wrapper\";i:0;s:13:\"uagb\/register\";i:0;s:19:\"uagb\/register-email\";i:0;s:24:\"uagb\/register-first-name\";i:0;s:23:\"uagb\/register-last-name\";i:0;s:22:\"uagb\/register-password\";i:0;s:30:\"uagb\/register-reenter-password\";i:0;s:19:\"uagb\/register-terms\";i:0;s:22:\"uagb\/register-username\";i:0;}"],"_yoast_wpseo_content_score":["60"],"_yoast_wpseo_estimated-reading-time-minutes":["4"],"_uag_page_assets":["a:9:{s:3:\"css\";s:260:\".uag-blocks-common-selector{z-index:var(--z-index-desktop) !important}@media(max-width: 976px){.uag-blocks-common-selector{z-index:var(--z-index-tablet) !important}}@media(max-width: 767px){.uag-blocks-common-selector{z-index:var(--z-index-mobile) !important}}\";s:2:\"js\";s:0:\"\";s:18:\"current_block_list\";a:9:{i:0;s:14:\"core\/paragraph\";i:1;s:11:\"core\/search\";i:2;s:10:\"core\/group\";i:3;s:12:\"core\/heading\";i:4;s:17:\"core\/latest-posts\";i:5;s:20:\"core\/latest-comments\";i:6;s:13:\"core\/archives\";i:7;s:15:\"core\/categories\";i:8;s:10:\"core\/image\";}s:8:\"uag_flag\";b:0;s:11:\"uag_version\";s:10:\"1777562811\";s:6:\"gfonts\";a:0:{}s:10:\"gfonts_url\";s:0:\"\";s:12:\"gfonts_files\";a:0:{}s:14:\"uag_faq_layout\";b:0;}"],"_uag_css_file_name":["uag-css-3.css"]},"uagb_featured_image_src":{"full":false,"thumbnail":false,"medium":false,"medium_large":false,"large":false,"1536x1536":false,"2048x2048":false,"trp-custom-language-flag":false,"gform-image-choice-sm":false,"gform-image-choice-md":false,"gform-image-choice-lg":false},"uagb_author_info":{"display_name":"admin","author_link":"#"},"uagb_comment_info":0,"uagb_excerpt":"Mediante la presente Pol\u00edtica de Privacidad, J70 Studio informa a los usuarios de los usos a los que se someten [&hellip;]","_links":{"self":[{"href":"https:\/\/j70studio.com\/eu\/wp-json\/wp\/v2\/pages\/3","targetHints":{"allow":["GET"]}}],"collection":[{"href":"https:\/\/j70studio.com\/eu\/wp-json\/wp\/v2\/pages"}],"about":[{"href":"https:\/\/j70studio.com\/eu\/wp-json\/wp\/v2\/types\/page"}],"author":[{"embeddable":true,"href":"https:\/\/j70studio.com\/eu\/wp-json\/wp\/v2\/users\/1"}],"replies":[{"embeddable":true,"href":"https:\/\/j70studio.com\/eu\/wp-json\/wp\/v2\/comments?post=3"}],"version-history":[{"count":3,"href":"https:\/\/j70studio.com\/eu\/wp-json\/wp\/v2\/pages\/3\/revisions"}],"predecessor-version":[{"id":784,"href":"https:\/\/j70studio.com\/eu\/wp-json\/wp\/v2\/pages\/3\/revisions\/784"}],"wp:attachment":[{"href":"https:\/\/j70studio.com\/eu\/wp-json\/wp\/v2\/media?parent=3"}],"curies":[{"name":"wp","href":"https:\/\/api.w.org\/{rel}","templated":true}]}}