{"id":22,"date":"2026-03-23T14:32:22","date_gmt":"2026-03-23T14:32:22","guid":{"rendered":"https:\/\/j70studio.com\/?page_id=22"},"modified":"2026-04-30T17:26:51","modified_gmt":"2026-04-30T15:26:51","slug":"aviso-legal","status":"publish","type":"page","link":"https:\/\/j70studio.com\/eu\/aviso-legal\/","title":{"rendered":""},"content":{"rendered":"<h1 class=\"wp-block-heading\">Aviso Legal<\/h1>\n\n\n\n<p>No se hace responsable de la fiabilidad y rapidez de los hiperenlaces que se incorporen en la web para la apertura de otras y no garantiza la utilidad de estos enlaces, ni se responsabiliza de los contenidos o servicios a los que puedan acceder los usuarios por medio de estos enlaces, ni del buen funcionamiento de estas webs.<\/p>\n\n\n\n<h2 class=\"wp-block-heading\">Seguridad<\/h2>\n\n\n\n<p>El sitio web utiliza t\u00e9cnicas de seguridad de la informaci\u00f3n generalmente aceptadas en la industria, tales como firewalls, procedimientos de control de acceso y mecanismos criptogr\u00e1ficos, todo ello con el objeto de evitar el acceso no autorizado a los datos.<\/p>\n\n\n\n<p>Del mismo modo,\u00a0<em>xx<\/em>\u00a0ha adoptado todas las medidas t\u00e9cnicas y de organizaci\u00f3n necesarias para garantizar la seguridad e integridad de los datos de car\u00e1cter personal que trate, as\u00ed como para evitar su p\u00e9rdida, alteraci\u00f3n y\/o acceso por parte de terceros no autorizados.<\/p>\n\n\n\n<h2 class=\"wp-block-heading\">Nulidad o anulidad<\/h2>\n\n\n\n<p>La declaraci\u00f3n de cualquiera de estas estipulaciones como nula, inv\u00e1lida o ineficaz, en su totalidad o en parte, no afectar\u00e1 a la validez o eficacia de las restantes, que permanecer\u00e1n siendo vinculantes para\u00a0<em>xx<\/em>\u00a0y el usuario.<\/p>\n\n\n\n<h2 class=\"wp-block-heading\">Ley aplicable y jurisdicci\u00f3n<\/h2>\n\n\n\n<p>Las presentes condiciones de uso se rigen en todos y cada uno de sus extremos por la ley espa\u00f1ola. En caso de cualquier conflicto o discrepancia, el usuario, con renuncia de forma expresa a cualquier fuero que pudiera corresponderle, se somete al fuero de los juzgados y tribunales de&nbsp;<em>\u201clocalidad\u201d<\/em><em>.<\/em><\/p>\n\n\n\n<p><em>xx<\/em>\u00a0cumple con los requisitos establecidos en la Ley 34\/2002, de 11 de julio, de Servicios de la Sociedad de la Informaci\u00f3n y Comercio Electr\u00f3nico, y el Reglamento 2016\/679 relativo a la protecci\u00f3n de las personas f\u00edsicas en lo que respecta al tratamiento de datos personales y a la libre circulaci\u00f3n de estos datos, y a tal fin ha creado este aviso legal.<\/p>\n\n\n\n<p>Toda persona que acceda a la presente p\u00e1gina web&nbsp;<em>\u201curl\u201d<\/em>&nbsp;asume y se compromete a la observancia y cumplimiento de las presentes condiciones, as\u00ed como a cualesquiera otra disposici\u00f3n legal que fuera de aplicaci\u00f3n. La navegaci\u00f3n por la presente p\u00e1gina web implica la perfecta comprensi\u00f3n y la expresa aceptaci\u00f3n de las presentes condiciones por parte del usuario, y las modificaciones que en las mismas se produzcan.<\/p>\n\n\n\n<h2 class=\"wp-block-heading\">Identificaci\u00f3n del titular de la web<\/h2>\n\n\n\n<p>El dominio <br>Direcci\u00f3n:\u00a0CL avenida Tolosa 21\u00a020000 -GIPUZKOA<\/p>\n\n\n\n<p><a href=\"nif:%C2%A0 A20096657\">CIF\/NIF:\u00a0 B20995007<br><\/a>Tel.: +34 943 32 03 37<br>Email:\u00a0<a href=\"mailto:comercial@miguelimaz.com\" target=\"_blank\" rel=\"noreferrer noopener\">info@j70studio.com<\/a><br>xx se dedica a\u00a0<em>\u201cComercio al por menor de muebles, aparatos de iluminaci\u00f3n, vajilla y otros art\u00edculos de uso dom\u00e9stic<\/em>\u201d .<\/p>\n\n\n\n<h2 class=\"wp-block-heading\">Finalidad del sitio web<\/h2>\n\n\n\n<p>Esta web tiene como finalidad la de informar de los servicios y novedades que ofrece a los clientes actuales as\u00ed como a nuevos usuarios y gestionar solicitudes de los interesados. El acceso a la web le atribuye la condici\u00f3n de usuario y supone la aceptaci\u00f3n plena y sin reservas de todas y cada una de las condiciones recogidas en el presente aviso legal, por ello le recomendamos la lectura del presente aviso legal cada vez que acceda a la web, ya que las condiciones del mismo pueden sufrir modificaciones.<\/p>\n\n\n\n<p><em>xx<\/em>\u00a0se reserva el derecho de mejorar, modificar o suprimir, unilateralmente y sin previo aviso, el servicio y\/o contenidos de la presente p\u00e1gina web. No se responsabiliza del da\u00f1o o perjuicio que puedan ocasionar dichos contenidos o su veracidad a terceras personas, ni de los contenidos a los que se acceden de forma indirecta trav\u00e9s de enlaces a otros sitios web. Los responsables de la p\u00e1gina web\u00a0<em>\u201curl\u201d<\/em>\u00a0no asumen ninguna responsabilidad sobre los enlaces externos que, en su caso, pudieran incluirse en la presente p\u00e1gina web.<\/p>\n\n\n\n<h2 class=\"wp-block-heading\">Contenidos de la web<\/h2>\n\n\n\n<p>Con car\u00e1cter general los servicios y contenidos ofrecidos a trav\u00e9s del presente sitio web estar\u00e1n disponibles en castellano, sin perjuicio de la utilizaci\u00f3n de otros idiomas, a reserva de\u00a0xx<\/p>\n\n\n\n<p><em>xx\u00a0<\/em>\u00a0se reserva el derecho de efectuar libremente y sin previo aviso las modificaciones que considere oportunas en la presente p\u00e1gina web, pudiendo cambiar, suprimir o a\u00f1adir los contenidos y servicios que se prestan, como la forma en la que \u00e9stos aparecen presentados o localizados, no responsabiliz\u00e1ndose de las consecuencias que esto pueda ocasionar a los usuarios.<\/p>\n\n\n\n<h2 class=\"wp-block-heading\">Propiedad intelectual e industrial<\/h2>\n\n\n\n<p>Todos los contenidos de la presente p\u00e1gina web, incluyendo sin car\u00e1cter limitativo, textos, gr\u00e1ficos, im\u00e1genes, su dise\u00f1o y los derechos de propiedad intelectual que pudieran corresponder a dichos contenidos, as\u00ed como todas las marcas, nombres comerciales o cualquier otro signo distintivo son propiedad del titular del sitio web, o de sus leg\u00edtimos propietarios, quedando reservados todos los derechos sobre los mismos. Todos los contenidos del sitio web se encuentran debidamente protegidos por la normativa de propiedad intelectual e industrial, as\u00ed como inscritos en los registros p\u00fablicos correspondientes.<\/p>\n\n\n\n<p>Queda prohibido cualquier acto de reproducci\u00f3n de los contenidos, en todo o en parte, en cualquier forma o medio, sea mec\u00e1nico, electr\u00f3nico, reprogr\u00e1fico u otro, as\u00ed como cualquier acto de difusi\u00f3n, comunicaci\u00f3n p\u00fablica o distribuci\u00f3n, sin la previa autorizaci\u00f3n por escrito de\u00a0xx o de sus leg\u00edtimos propietarios.<\/p>\n\n\n\n<p>Los dise\u00f1os, logotipos, texto y\/o gr\u00e1ficos ajenos a\u00a0<em>xx\u00a0<\/em>y que pudieran aparecer en el sitio web, pertenecen a sus respectivos propietarios, siendo ellos mismos responsables de cualquier posible controversia que pudiera suscitarse respecto a los mismos.<\/p>\n\n\n\n<p>Im\u00e1genes no contractuales y meramente ilustrativas sujetas a modificaciones por exigencias de orden t\u00e9cnico, jur\u00eddico o comercial de la direcci\u00f3n facultativa o autoridad competente. Las infograf\u00edas de las fachadas, elementos comunes y restantes espacios son orientativas y podr\u00e1n ser objeto de variaci\u00f3n o modificaci\u00f3n en los proyectos t\u00e9cnicos. El mobiliario de las infograf\u00edas interiores no est\u00e1 incluido y el equipamiento de las viviendas ser\u00e1 el indicado en la correspondiente memoria de calidad.<\/p>\n\n\n\n<p>xx no ser\u00e1 responsable de los da\u00f1os o perjuicios que pudieran derivarse de la utilizaci\u00f3n de los contenidos por parte de las personas que acceden al presente sitio web, o de la infracci\u00f3n por parte de los mismos de cualquier disposici\u00f3n legal vigente.<\/p>\n\n\n\n<h2 class=\"wp-block-heading\">Cookies<\/h2>\n\n\n\n<p>La presente p\u00e1gina web utiliza \u201ccookies\u201d para ofrecerle una mejor experiencia como usuario.<\/p>\n\n\n\n<p>Usted puede permitir, bloquear o eliminar las cookies instaladas en su equipo mediante la configuraci\u00f3n de las opciones del navegador que utilice en su terminal o dispositivo.<\/p>\n\n\n\n<p>El usuario tiene la posibilidad de configurar el navegador de tal modo que impida la instalaci\u00f3n de estos archivos, sin embargo, pero en ese caso es posible que no pueda utilizar todas las funcionalidades que le ofrece el sitio web.<\/p>\n\n\n\n<p>M\u00e1s informaci\u00f3n y posibilidad de cambio de configuraci\u00f3n en el apartado \u201c<a href=\"https:\/\/j70studio.com\/eu\/politica-de-cookies\/\">Pol\u00edtica de cookies<\/a>\u201d<\/p>\n\n\n\n<h2 class=\"wp-block-heading\">Responsabilidad<\/h2>\n\n\n\n<p>Los usuarios que accedan a la presente web lo har\u00e1n conforme a la Ley, y se obligan en todo momento a no acceder a la misma y a los contenidos de forma contraria a la establecida y\/o con fines il\u00edcitos, lesivos de derechos y libertades de terceros, o que puedan da\u00f1ar, deteriorar, saturar o ralentizar la web, en perjuicio de\u00a0<em>xx\u00a0<\/em>o de terceros usuarios. Podr\u00e1 responsabilizar a los usuarios que haciendo un mal uso de la web, causasen da\u00f1os o perjuicios a terceras personas.<\/p>\n\n\n\n<p><em>xx<\/em>\u00a0se exime de cualquier tipo de responsabilidad derivada de la informaci\u00f3n publicada en el presente sitio web, siempre que esta informaci\u00f3n haya sido manipulada o introducida por un tercero ajeno al mismo.<\/p>\n\n\n\n<p>En todo caso,\u00a0<em>xx<\/em>\u00a0manifiesta que proceder\u00e1 a la retirada inmediata de cualquier contenido que pudiera contravenir la legislaci\u00f3n nacional o internacional, la moral o el orden p\u00fablico, o en su caso, retirar\u00e1 inmediatamente la redirecci\u00f3n a dicho sitio web, poniendo en conocimiento de las autoridades competentes el contenido en cuesti\u00f3n. En caso de que el usuario considere que existe en el presente sitio web alg\u00fan contenido que pudiera contravenir la legislaci\u00f3n nacional o internacional, la moral o el orden p\u00fablico, se ruega lo notifique de forma inmediata al titular del sitio web.<\/p>\n\n\n\n<p>Este sitio web ha sido revisado y probado para que funcione correctamente. En principio, puede garantizarse el correcto funcionamiento los 365 d\u00edas del a\u00f1o, 24 horas al d\u00eda. No obstante,\u00a0xxno descarta la posibilidad de que existan ciertos errores de programaci\u00f3n, o que acontezcan causas de fuerza mayor, cat\u00e1strofes naturales, huelgas, o circunstancias semejantes que hagan imposible el acceso a la presente p\u00e1gina web.<\/p>\n\n\n\n<h2 class=\"wp-block-heading\">Menores de edad<\/h2>\n\n\n\n<p>La plena responsabilidad respecto de los contenidos y\/o servicios a los que acceden los menores de edad corresponde a las personas a cuyo cargo se encuentran.<\/p>\n\n\n\n<h2 class=\"wp-block-heading\">Direcciones IP<\/h2>\n\n\n\n<p>Los servidores del presente sitio web podr\u00e1n detectar de manera autom\u00e1tica la direcci\u00f3n IP y el nombre de dominio utilizados por el usuario. Una direcci\u00f3n IP es un n\u00famero asignado autom\u00e1ticamente a un ordenador cuando \u00e9sta se conecta a Internet. Toda esta informaci\u00f3n es registrada en un fichero de actividad del servidor, que permite el posterior procesamiento de los datos, con el fin de obtener mediciones \u00fanicamente estad\u00edsticas, que permitan conocer el n\u00famero de impresiones de p\u00e1ginas, el n\u00famero de visitas realizadas a los servicios web, el orden de visitas, el punto de acceso, etc.<\/p>\n\n\n\n<h2 class=\"wp-block-heading\">Enlaces<\/h2>\n\n\n\n<p><em>xx<\/em>\u00a0se reserva el derecho de retirar cualquier enlace, en cuanto tenga conocimiento de la ilicitud de su contenido o de que el mismo lesione bienes o derechos de terceros.<\/p>\n\n\n\n<h2 class=\"wp-block-heading\">Cookies utilizadas en este sitio web<\/h2>\n\n\n\n<p>Siguiendo las directrices de la Agencia Espa\u00f1ola de Protecci\u00f3n de Datos procedemos a detallar el uso de&nbsp;<em>cookies<\/em>&nbsp;que hace esta web con el fin de informarle con la m\u00e1xima exactitud posible.<\/p>\n\n\n\n<p>Este sitio web utiliza las siguientes&nbsp;<strong>cookies propias<\/strong>:<\/p>\n\n\n\n<ul class=\"wp-block-list\">\n<li>Cookies de sesi\u00f3n, para garantizar que los usuarios que escriban comentarios en el blog sean humanos y no aplicaciones automatizadas. De esta forma se combate el\u00a0<em>spam<\/em>.<\/li>\n<\/ul>\n\n\n\n<p>Este sitio web utiliza las siguientes&nbsp;<strong>cookies de terceros<\/strong>:<\/p>\n\n\n\n<ul class=\"wp-block-list\">\n<li>Google Analytics: Almacena\u00a0<em>cookies<\/em>\u00a0para poder elaborar estad\u00edsticas sobre el tr\u00e1fico y volumen de visitas de esta web. Al utilizar este sitio web est\u00e1 consintiendo el tratamiento de informaci\u00f3n acerca de usted por Google. Por tanto, el ejercicio de cualquier derecho en este sentido deber\u00e1 hacerlo comunicando directamente con Google.<\/li>\n\n\n\n<li>Redes sociales: Cada red social utiliza sus propias\u00a0<em>cookies<\/em>\u00a0para que usted pueda pinchar en botones del tipo\u00a0<em>Me gusta<\/em>\u00a0o\u00a0<em>Compartir<\/em>.<\/li>\n<\/ul>\n\n\n\n<h2 class=\"wp-block-heading\">Desactivaci\u00f3n o eliminaci\u00f3n de cookies<\/h2>\n\n\n\n<p>En cualquier momento podr\u00e1 ejercer su derecho de desactivaci\u00f3n o eliminaci\u00f3n de cookies de este sitio web. Estas acciones se realizan de forma diferente en funci\u00f3n del navegador que est\u00e9 usando.&nbsp;<a href=\"https:\/\/errekalde.fidenet-test.net\/mas-informacion-sobre-las-cookies\/#navegadores\">Aqu\u00ed le dejamos una gu\u00eda r\u00e1pida para los navegadores m\u00e1s populares<\/a>.<\/p>\n\n\n\n<h2 class=\"wp-block-heading\">Notas adicionales<\/h2>\n\n\n\n<ul class=\"wp-block-list\">\n<li>Ni esta web ni sus representantes legales se hacen responsables ni del contenido ni de la veracidad de las pol\u00edticas de privacidad que puedan tener los terceros mencionados en esta pol\u00edtica de\u00a0<em>cookies<\/em>.<\/li>\n\n\n\n<li>Los navegadores web son las herramientas encargadas de almacenar las\u00a0<em>cookies<\/em>\u00a0y desde este lugar debe efectuar su derecho a eliminaci\u00f3n o desactivaci\u00f3n de las mismas. Ni esta web ni sus representantes legales pueden garantizar la correcta o incorrecta manipulaci\u00f3n de las\u00a0<em>cookies<\/em>\u00a0por parte de los mencionados navegadores.<\/li>\n\n\n\n<li>En algunos casos es necesario instalar\u00a0<em>cookies<\/em>\u00a0para que el navegador no olvide su decisi\u00f3n de no aceptaci\u00f3n de las mismas.<\/li>\n\n\n\n<li>En el caso de las\u00a0<em>cookies<\/em>\u00a0de Google Analytics, esta empresa almacena las\u00a0<em>cookies<\/em>\u00a0en servidores ubicados en Estados Unidos y se compromete a no compartirla con terceros, excepto en los casos en los que sea necesario para el funcionamiento del sistema o cuando la ley obligue a tal efecto. Seg\u00fan Google no guarda su direcci\u00f3n IP. Google Inc. es una compa\u00f1\u00eda adherida al Acuerdo de Puerto Seguro que garantiza que todos los datos transferidos ser\u00e1n tratados con un nivel de protecci\u00f3n acorde a la normativa europea. Puede consultar informaci\u00f3n detallada a este respecto\u00a0<a href=\"http:\/\/safeharbor.export.gov\/companyinfo.aspx?id=16626\" target=\"_blank\" rel=\"noreferrer noopener\">en este enlace<\/a>. Si desea informaci\u00f3n sobre el uso que Google da a las cookies\u00a0<a href=\"https:\/\/developers.google.com\/analytics\/devguides\/collection\/analyticsjs\/cookie-usage?hl=es&amp;csw=1\" target=\"_blank\" rel=\"noreferrer noopener\">le adjuntamos este otro enlace<\/a>.<\/li>\n\n\n\n<li>Para cualquier duda o consulta acerca de esta pol\u00edtica de\u00a0<em>cookies<\/em>\u00a0no dude en comunicarse con nosotros a trav\u00e9s de la secci\u00f3n de contacto.<\/li>\n<\/ul>","protected":false},"excerpt":{"rendered":"<p>Aviso Legal No se hace responsable de la fiabilidad y rapidez de los hiperenlaces que se incorporen en la web [&hellip;]<\/p>\n","protected":false},"author":1,"featured_media":0,"parent":0,"menu_order":0,"comment_status":"closed","ping_status":"closed","template":"","meta":{"_uag_custom_page_level_css":"","site-sidebar-layout":"default","site-content-layout":"","ast-site-content-layout":"default","site-content-style":"default","site-sidebar-style":"default","ast-global-header-display":"","ast-banner-title-visibility":"","ast-main-header-display":"","ast-hfb-above-header-display":"","ast-hfb-below-header-display":"","ast-hfb-mobile-header-display":"","site-post-title":"","ast-breadcrumbs-content":"","ast-featured-img":"","footer-sml-layout":"","ast-disable-related-posts":"","theme-transparent-header-meta":"","adv-header-id-meta":"","stick-header-meta":"","header-above-stick-meta":"","header-main-stick-meta":"","header-below-stick-meta":"","astra-migrate-meta-layouts":"default","ast-page-background-enabled":"default","ast-page-background-meta":{"desktop":{"background-color":"var(--ast-global-color-5)","background-image":"","background-repeat":"repeat","background-position":"center center","background-size":"auto","background-attachment":"scroll","background-type":"","background-media":"","overlay-type":"","overlay-color":"","overlay-opacity":"","overlay-gradient":""},"tablet":{"background-color":"","background-image":"","background-repeat":"repeat","background-position":"center center","background-size":"auto","background-attachment":"scroll","background-type":"","background-media":"","overlay-type":"","overlay-color":"","overlay-opacity":"","overlay-gradient":""},"mobile":{"background-color":"","background-image":"","background-repeat":"repeat","background-position":"center center","background-size":"auto","background-attachment":"scroll","background-type":"","background-media":"","overlay-type":"","overlay-color":"","overlay-opacity":"","overlay-gradient":""}},"ast-content-background-meta":{"desktop":{"background-color":"var(--ast-global-color-4)","background-image":"","background-repeat":"repeat","background-position":"center center","background-size":"auto","background-attachment":"scroll","background-type":"","background-media":"","overlay-type":"","overlay-color":"","overlay-opacity":"","overlay-gradient":""},"tablet":{"background-color":"var(--ast-global-color-4)","background-image":"","background-repeat":"repeat","background-position":"center center","background-size":"auto","background-attachment":"scroll","background-type":"","background-media":"","overlay-type":"","overlay-color":"","overlay-opacity":"","overlay-gradient":""},"mobile":{"background-color":"var(--ast-global-color-4)","background-image":"","background-repeat":"repeat","background-position":"center center","background-size":"auto","background-attachment":"scroll","background-type":"","background-media":"","overlay-type":"","overlay-color":"","overlay-opacity":"","overlay-gradient":""}},"footnotes":""},"class_list":["post-22","page","type-page","status-publish","hentry"],"yoast_head":"<!-- This site is optimized with the Yoast SEO plugin v27.4 - https:\/\/yoast.com\/product\/yoast-seo-wordpress\/ -->\n<title>- J70 Studio<\/title>\n<meta name=\"robots\" content=\"index, follow, max-snippet:-1, max-image-preview:large, max-video-preview:-1\" \/>\n<link rel=\"canonical\" href=\"https:\/\/j70studio.com\/eu\/aviso-legal\/\" \/>\n<meta property=\"og:locale\" content=\"en_US\" \/>\n<meta property=\"og:type\" content=\"article\" \/>\n<meta property=\"og:title\" content=\"- J70 Studio\" \/>\n<meta property=\"og:description\" content=\"Aviso Legal No se hace responsable de la fiabilidad y rapidez de los hiperenlaces que se incorporen en la web [&hellip;]\" \/>\n<meta property=\"og:url\" content=\"https:\/\/j70studio.com\/eu\/aviso-legal\/\" \/>\n<meta property=\"og:site_name\" content=\"J70 Studio\" \/>\n<meta property=\"article:modified_time\" content=\"2026-04-30T15:26:51+00:00\" \/>\n<meta name=\"twitter:card\" content=\"summary_large_image\" \/>\n<meta name=\"twitter:label1\" content=\"Est. reading time\" \/>\n\t<meta name=\"twitter:data1\" content=\"9 minutua\" \/>\n<script type=\"application\/ld+json\" class=\"yoast-schema-graph\">{\"@context\":\"https:\\\/\\\/schema.org\",\"@graph\":[{\"@type\":\"WebPage\",\"@id\":\"https:\\\/\\\/j70studio.com\\\/aviso-legal\\\/\",\"url\":\"https:\\\/\\\/j70studio.com\\\/aviso-legal\\\/\",\"name\":\"- J70 Studio\",\"isPartOf\":{\"@id\":\"https:\\\/\\\/j70studio.com\\\/#website\"},\"datePublished\":\"2026-03-23T14:32:22+00:00\",\"dateModified\":\"2026-04-30T15:26:51+00:00\",\"inLanguage\":\"eu\",\"potentialAction\":[{\"@type\":\"ReadAction\",\"target\":[\"https:\\\/\\\/j70studio.com\\\/aviso-legal\\\/\"]}]},{\"@type\":\"WebSite\",\"@id\":\"https:\\\/\\\/j70studio.com\\\/#website\",\"url\":\"https:\\\/\\\/j70studio.com\\\/\",\"name\":\"J70\",\"description\":\"\",\"publisher\":{\"@id\":\"https:\\\/\\\/j70studio.com\\\/#organization\"},\"potentialAction\":[{\"@type\":\"SearchAction\",\"target\":{\"@type\":\"EntryPoint\",\"urlTemplate\":\"https:\\\/\\\/j70studio.com\\\/?s={search_term_string}\"},\"query-input\":{\"@type\":\"PropertyValueSpecification\",\"valueRequired\":true,\"valueName\":\"search_term_string\"}}],\"inLanguage\":\"eu\"},{\"@type\":\"Organization\",\"@id\":\"https:\\\/\\\/j70studio.com\\\/#organization\",\"name\":\"Ultimate Blogging Championship\",\"url\":\"https:\\\/\\\/j70studio.com\\\/\",\"logo\":{\"@type\":\"ImageObject\",\"inLanguage\":\"eu\",\"@id\":\"https:\\\/\\\/j70studio.com\\\/#\\\/schema\\\/logo\\\/image\\\/\",\"url\":\"https:\\\/\\\/j70studio.com\\\/wp-content\\\/uploads\\\/2026\\\/03\\\/J70logo.webp\",\"contentUrl\":\"https:\\\/\\\/j70studio.com\\\/wp-content\\\/uploads\\\/2026\\\/03\\\/J70logo.webp\",\"width\":300,\"height\":141,\"caption\":\"Ultimate Blogging Championship\"},\"image\":{\"@id\":\"https:\\\/\\\/j70studio.com\\\/#\\\/schema\\\/logo\\\/image\\\/\"}}]}<\/script>\n<!-- \/ Yoast SEO plugin. -->","yoast_head_json":{"title":"- J70 Studio","robots":{"index":"index","follow":"follow","max-snippet":"max-snippet:-1","max-image-preview":"max-image-preview:large","max-video-preview":"max-video-preview:-1"},"canonical":"https:\/\/j70studio.com\/eu\/aviso-legal\/","og_locale":"en_US","og_type":"article","og_title":"- J70 Studio","og_description":"Aviso Legal No se hace responsable de la fiabilidad y rapidez de los hiperenlaces que se incorporen en la web [&hellip;]","og_url":"https:\/\/j70studio.com\/eu\/aviso-legal\/","og_site_name":"J70 Studio","article_modified_time":"2026-04-30T15:26:51+00:00","twitter_card":"summary_large_image","twitter_misc":{"Est. reading time":"9 minutua"},"schema":{"@context":"https:\/\/schema.org","@graph":[{"@type":"WebPage","@id":"https:\/\/j70studio.com\/aviso-legal\/","url":"https:\/\/j70studio.com\/aviso-legal\/","name":"- J70 Studio","isPartOf":{"@id":"https:\/\/j70studio.com\/#website"},"datePublished":"2026-03-23T14:32:22+00:00","dateModified":"2026-04-30T15:26:51+00:00","inLanguage":"eu","potentialAction":[{"@type":"ReadAction","target":["https:\/\/j70studio.com\/aviso-legal\/"]}]},{"@type":"WebSite","@id":"https:\/\/j70studio.com\/#website","url":"https:\/\/j70studio.com\/","name":"J70","description":"","publisher":{"@id":"https:\/\/j70studio.com\/#organization"},"potentialAction":[{"@type":"SearchAction","target":{"@type":"EntryPoint","urlTemplate":"https:\/\/j70studio.com\/?s={search_term_string}"},"query-input":{"@type":"PropertyValueSpecification","valueRequired":true,"valueName":"search_term_string"}}],"inLanguage":"eu"},{"@type":"Organization","@id":"https:\/\/j70studio.com\/#organization","name":"Ultimate Blogging Championship","url":"https:\/\/j70studio.com\/","logo":{"@type":"ImageObject","inLanguage":"eu","@id":"https:\/\/j70studio.com\/#\/schema\/logo\/image\/","url":"https:\/\/j70studio.com\/wp-content\/uploads\/2026\/03\/J70logo.webp","contentUrl":"https:\/\/j70studio.com\/wp-content\/uploads\/2026\/03\/J70logo.webp","width":300,"height":141,"caption":"Ultimate Blogging Championship"},"image":{"@id":"https:\/\/j70studio.com\/#\/schema\/logo\/image\/"}}]}},"spectra_custom_meta":{"_edit_lock":["1777562813:1"],"_edit_last":["1"],"_yoast_wpseo_content_score":["90"],"_yoast_wpseo_estimated-reading-time-minutes":["9"],"astra_style_timestamp_css":["1777997415"],"_uag_page_assets":["a:9:{s:3:\"css\";s:260:\".uag-blocks-common-selector{z-index:var(--z-index-desktop) !important}@media(max-width: 976px){.uag-blocks-common-selector{z-index:var(--z-index-tablet) !important}}@media(max-width: 767px){.uag-blocks-common-selector{z-index:var(--z-index-mobile) !important}}\";s:2:\"js\";s:0:\"\";s:18:\"current_block_list\";a:11:{i:0;s:12:\"core\/heading\";i:1;s:14:\"core\/paragraph\";i:2;s:9:\"core\/list\";i:3;s:14:\"core\/list-item\";i:4;s:11:\"core\/search\";i:5;s:10:\"core\/group\";i:6;s:17:\"core\/latest-posts\";i:7;s:20:\"core\/latest-comments\";i:8;s:13:\"core\/archives\";i:9;s:15:\"core\/categories\";i:10;s:10:\"core\/image\";}s:8:\"uag_flag\";b:0;s:11:\"uag_version\";s:10:\"1777562811\";s:6:\"gfonts\";a:0:{}s:10:\"gfonts_url\";s:0:\"\";s:12:\"gfonts_files\";a:0:{}s:14:\"uag_faq_layout\";b:0;}"],"_uag_css_file_name":["uag-css-22.css"]},"uagb_featured_image_src":{"full":false,"thumbnail":false,"medium":false,"medium_large":false,"large":false,"1536x1536":false,"2048x2048":false,"trp-custom-language-flag":false,"gform-image-choice-sm":false,"gform-image-choice-md":false,"gform-image-choice-lg":false},"uagb_author_info":{"display_name":"admin","author_link":"#"},"uagb_comment_info":0,"uagb_excerpt":"Aviso Legal No se hace responsable de la fiabilidad y rapidez de los hiperenlaces que se incorporen en la web [&hellip;]","_links":{"self":[{"href":"https:\/\/j70studio.com\/eu\/wp-json\/wp\/v2\/pages\/22","targetHints":{"allow":["GET"]}}],"collection":[{"href":"https:\/\/j70studio.com\/eu\/wp-json\/wp\/v2\/pages"}],"about":[{"href":"https:\/\/j70studio.com\/eu\/wp-json\/wp\/v2\/types\/page"}],"author":[{"embeddable":true,"href":"https:\/\/j70studio.com\/eu\/wp-json\/wp\/v2\/users\/1"}],"replies":[{"embeddable":true,"href":"https:\/\/j70studio.com\/eu\/wp-json\/wp\/v2\/comments?post=22"}],"version-history":[{"count":6,"href":"https:\/\/j70studio.com\/eu\/wp-json\/wp\/v2\/pages\/22\/revisions"}],"predecessor-version":[{"id":788,"href":"https:\/\/j70studio.com\/eu\/wp-json\/wp\/v2\/pages\/22\/revisions\/788"}],"wp:attachment":[{"href":"https:\/\/j70studio.com\/eu\/wp-json\/wp\/v2\/media?parent=22"}],"curies":[{"name":"wp","href":"https:\/\/api.w.org\/{rel}","templated":true}]}}