{"id":20,"date":"2026-03-23T14:32:06","date_gmt":"2026-03-23T14:32:06","guid":{"rendered":"https:\/\/j70studio.com\/?page_id=20"},"modified":"2026-04-30T13:55:21","modified_gmt":"2026-04-30T11:55:21","slug":"politica-de-cookies","status":"publish","type":"page","link":"https:\/\/j70studio.com\/eu\/politica-de-cookies\/","title":{"rendered":"Pol\u00edtica de Cookies"},"content":{"rendered":"<p><\/p>\n\n\n\n<p><strong>Uso de Cookies<\/strong><\/p>\n\n\n\n<p>Nuestro sitio web utiliza \u00abcookies\u00bb para mejorar la navegaci\u00f3n y obtener datos estad\u00edsticos sobre las visitas obtenidas. Las \u00abcookies\u00bb son peque\u00f1os archivos de texto que se instalan en el equipo desde el cual se visita nuestro sitio web, y que nos proporcionan informaci\u00f3n de forma autom\u00e1tica. Las \u00abcookies\u00bb en ning\u00fan caso se pueden considerar como un virus inform\u00e1tico.<\/p>\n\n\n\n<ul class=\"wp-block-list\">\n<li>No da\u00f1an el ordenador ni ralentizan su funcionamiento en modo alguno.<\/li>\n\n\n\n<li>Puede eliminar nuestras \u00abcookies\u00bb en cualquier momento, o rechazarlas configurando su navegador web.<\/li>\n\n\n\n<li>Las \u00abcookies\u00bb se asocian \u00fanicamente con el navegador de un ordenador determinado (un usuario an\u00f3nimo).<\/li>\n\n\n\n<li>Gracias a las \u00abcookies\u00bb, resulta posible que reconozcamos los navegadores de los usuarios registrados despu\u00e9s de que \u00e9stos se hayan autenticado por primera vez, sin que tengan que registrarse en cada visita para acceder a las \u00e1reas y servicios reservados exclusivamente a ellos.<\/li>\n\n\n\n<li>Nuestras \u00abcookies\u00bb sirven para identificar una sesi\u00f3n de usuario (\u00abcookies de sesi\u00f3n\u00bb) en un ordenador (\u00abcookies temporales\u00bb), y no proporcionan por s\u00ed mismas ni el nombre del usuario ni ning\u00fan otro dato personal.<\/li>\n\n\n\n<li>Las \u00abcookies\u00bb utilizadas no pueden leer los archivos \u00abcookies\u00bb creados por otros proveedores.<\/li>\n\n\n\n<li>El usuario tiene la posibilidad de configurar su navegador para que le avise por pantalla de la recepci\u00f3n de \u00abcookies\u00bb o para impedir la instalaci\u00f3n de \u00abcookies\u00bb en su disco duro.\u00a0<\/li>\n<\/ul>\n\n\n\n<p>Por favor, consulte las instrucciones y manuales de su navegador para ampliar esta informaci\u00f3n.<\/p>\n\n\n\n<p>Las \u201ccookies\u201d las podemos clasificar en funci\u00f3n de diferentes criterios. Si tenemos en cuenta su procedencia, las podemos clasificar en:<\/p>\n\n\n\n<p><strong>\u00bfQu\u00e9 tipos de cookies se utilizan en esta p\u00e1gina web?<\/strong><\/p>\n\n\n\n<p>Cada p\u00e1gina web utiliza sus propias cookies. En nuestra web utilizamos las que se indican a continuaci\u00f3n:<\/p>\n\n\n\n<p><strong>SEG\u00daN LA ENTIDAD QUE LO GESTIONA<\/strong><\/p>\n\n\n\n<ul class=\"wp-block-list\">\n<li>Cookies propias:<\/li>\n<\/ul>\n\n\n\n<p>Son aquellas que se env\u00edan al equipo terminal del Usuario desde un equipo o dominio gestionado por el propio editor y desde el que se presta el servicio solicitado por el usuario.<\/p>\n\n\n\n<ul class=\"wp-block-list\">\n<li>Cookies de terceros:<\/li>\n<\/ul>\n\n\n\n<p>Son aquellas que se env\u00edan al equipo terminal del Usuario desde un equipo o dominio que no es gestionado por el editor, sino por otra entidad que trata los datos obtenidos a trav\u00e9s de las cookies.<\/p>\n\n\n\n<p>En el caso de que las cookies sean servidas desde un equipo o dominio gestionado por el propio editor, pero la informaci\u00f3n que se recoja mediante \u00e9stas sea gestionada por un tercero, no pueden ser consideradas como cookies propias si el tercero las utiliza para sus propias finalidades (por ejemplo, la mejora de los servicios que presta o la prestaci\u00f3n de servicios de car\u00e1cter publicitario a favor de otras entidades).<\/p>\n\n\n\n<p><strong>SEG\u00daN SU FINALIDAD<\/strong><\/p>\n\n\n\n<ul class=\"wp-block-list\">\n<li>Cookies t\u00e9cnicas:<\/li>\n<\/ul>\n\n\n\n<p>Son aquellas necesarias para la navegaci\u00f3n y el buen funcionamiento de nuestro Sitio Web, como por ejemplo, controlar el tr\u00e1fico y la comunicaci\u00f3n de datos, identificar la sesi\u00f3n, acceder a partes de acceso restringido, realizar la solicitud de inscripci\u00f3n o participaci\u00f3n en un evento, contar visitas a efectos de la facturaci\u00f3n de licencias del software con el que funciona el servicio del Sitio Web, utilizar elementos de seguridad durante la navegaci\u00f3n, almacenar contenidos para la difusi\u00f3n de v\u00eddeos o sonido, habilitar contenidos din\u00e1micos (por ejemplo, animaci\u00f3n de carga de un texto o imagen).<\/p>\n\n\n\n<ul class=\"wp-block-list\">\n<li>Cookies de an\u00e1lisis:<\/li>\n<\/ul>\n\n\n\n<p>Permiten cuantificar el n\u00famero de usuarios y as\u00ed realizar la medici\u00f3n y an\u00e1lisis estad\u00edstico de la utilizaci\u00f3n que hacen los usuarios del Sitio Web.<\/p>\n\n\n\n<ul class=\"wp-block-list\">\n<li>Cookies de preferencias o personalizaci\u00f3n:<\/li>\n<\/ul>\n\n\n\n<p>Son aquellas que permiten recordar informaci\u00f3n para que el Usuario acceda al servicio con determinadas caracter\u00edsticas que pueden diferenciar su experiencia de la de otros usuarios, como, por ejemplo, el idioma, el n\u00famero de resultados a mostrar cuando el Usuario realiza una b\u00fasqueda, el aspecto o contenido del servicio en funci\u00f3n del tipo de navegador a trav\u00e9s del cual el Usuario accede al servicio o de la regi\u00f3n desde la que accede al servicio, etc.<\/p>\n\n\n\n<ul class=\"wp-block-list\">\n<li>Publicitarias comportamentales:<\/li>\n<\/ul>\n\n\n\n<p>Son aquellas que, tratadas por nosotros o por terceros, nos permiten analizar sus h\u00e1bitos de navegaci\u00f3n en Internet para que podamos mostrarle publicidad relacionada con su perfil de navegaci\u00f3n.<\/p>\n\n\n\n<ul class=\"wp-block-list\">\n<li>Consentimiento y Derechos del Usuario<\/li>\n<\/ul>\n\n\n\n<p>Al utilizar nuestro sitio, consientes el uso de cookies de acuerdo con esta pol\u00edtica. Sin embargo, tienes el derecho de modificar tu consentimiento en cualquier momento. Te ofrecemos informaci\u00f3n clara y accesible sobre las cookies que utilizamos y la finalidad de cada una, asegurando tu capacidad para tomar decisiones informadas.<\/p>\n\n\n\n<ul class=\"wp-block-list\">\n<li>Transparencia y Acceso a la Informaci\u00f3n<\/li>\n<\/ul>\n\n\n\n<p>Nos comprometemos a proporcionarte acceso f\u00e1cil a la informaci\u00f3n detallada sobre las cookies que utilizamos, incluyendo su finalidad, duraci\u00f3n y los terceros con los que podr\u00edamos compartir los datos recopilados.<\/p>\n\n\n\n<ul class=\"wp-block-list\">\n<li>Actualizaciones de la Pol\u00edtica de Cookies<\/li>\n<\/ul>\n\n\n\n<p>Podemos actualizar nuestra pol\u00edtica de cookies para reflejar cambios en la legislaci\u00f3n, en nuestras pr\u00e1cticas de recopilaci\u00f3n de datos o en las funcionalidades de nuestro sitio. Te invitamos a revisar peri\u00f3dicamente esta pol\u00edtica para estar informado sobre c\u00f3mo protegemos tu informaci\u00f3n.<\/p>\n\n\n\n<ul class=\"wp-block-list\">\n<li>Cookies persistentes: Son aquellas en las que los datos siguen almacenados en el terminal y pueden ser accedidos y tratados durante un periodo definido por el responsable de la cookie, y que puede ir de unos minutos a varios a\u00f1os.<\/li>\n\n\n\n<li>Cookies de sesi\u00f3n: Son aquellas dise\u00f1adas para recabar y almacenar datos mientras el usuario accede a una p\u00e1gina web. Se suelen emplear para almacenar informaci\u00f3n que solo interesa conservar para la prestaci\u00f3n del servicio solicitado por el usuario en una sola ocasi\u00f3n (por ejemplo, una lista de productos adquiridos) y desaparecen al terminar la sesi\u00f3n.<\/li>\n<\/ul>\n\n\n\n<p><strong>Cookies t\u00e9cnicas<\/strong><\/p>\n\n\n\n<figure class=\"wp-block-table\"><table class=\"has-fixed-layout\"><tbody><tr><td class=\"has-text-align-left\" data-align=\"left\"><strong>Nombre<\/strong><\/td><td class=\"has-text-align-left\" data-align=\"left\"><strong>Proveedor<\/strong><\/td><td class=\"has-text-align-left\" data-align=\"left\"><strong>Descripci\u00f3n<\/strong><\/td><td class=\"has-text-align-left\" data-align=\"left\"><strong>Persistencia<\/strong><\/td><\/tr><tr><td class=\"has-text-align-left\" data-align=\"left\">rc::a<\/td><td class=\"has-text-align-left\" data-align=\"left\">google.com<\/td><td class=\"has-text-align-left\" data-align=\"left\">Esta cookie se utiliza para distinguir entre humanos y bots. Esto es beneficioso para la web con el objeto de elaborar informes v\u00e1lidos sobre el uso de su web.<\/td><td class=\"has-text-align-left\" data-align=\"left\">Persistente<\/td><\/tr><tr><td class=\"has-text-align-left\" data-align=\"left\">rc::c<\/td><td class=\"has-text-align-left\" data-align=\"left\">google.com<\/td><td class=\"has-text-align-left\" data-align=\"left\">Esta cookie se utiliza para distinguir entre humanos y bots. Esto es beneficioso para la web con el objeto de elaborar informes v\u00e1lidos sobre el uso de su web.<\/td><td class=\"has-text-align-left\" data-align=\"left\">Sesi\u00f3n<\/td><\/tr><\/tbody><\/table><\/figure>\n\n\n\n<p><strong>Cookies de personalizaci\u00f3n de interfaz<\/strong><\/p>\n\n\n\n<figure class=\"wp-block-table\"><table class=\"has-fixed-layout\"><tbody><tr><td class=\"has-text-align-left\" data-align=\"left\"><strong>Nombre<\/strong><\/td><td class=\"has-text-align-left\" data-align=\"left\"><strong>Proveedor<\/strong><\/td><td class=\"has-text-align-left\" data-align=\"left\"><strong>Descripci\u00f3n<\/strong><\/td><td class=\"has-text-align-left\" data-align=\"left\"><strong>Persistencia<\/strong><\/td><\/tr><tr><td class=\"has-text-align-left\" data-align=\"left\">pll_language<\/td><td class=\"has-text-align-left\" data-align=\"left\">j70studio.com<\/td><td class=\"has-text-align-left\" data-align=\"left\">Esta cookie se utiliza para determinar el idioma preferido del visitante y configura el idioma correspondientemente en el sitio web, si es posible.<\/td><td class=\"has-text-align-left\" data-align=\"left\">1 a\u00f1o<\/td><\/tr><\/tbody><\/table><\/figure>\n\n\n\n<p><strong>Cookies de an\u00e1lisis o medici\u00f3n<\/strong><\/p>\n\n\n\n<figure class=\"wp-block-table\"><table class=\"has-fixed-layout\"><tbody><tr><td class=\"has-text-align-left\" data-align=\"left\"><strong>Nombre<\/strong><\/td><td class=\"has-text-align-left\" data-align=\"left\"><strong>Proveedor<\/strong><\/td><td class=\"has-text-align-left\" data-align=\"left\"><strong>Descripci\u00f3n<\/strong><\/td><td class=\"has-text-align-left\" data-align=\"left\"><strong>Persistencia<\/strong><\/td><\/tr><tr><td class=\"has-text-align-left\" data-align=\"left\">_ga<\/td><td class=\"has-text-align-left\" data-align=\"left\">j70studio.com<\/td><td class=\"has-text-align-left\" data-align=\"left\">Registra una identificaci\u00f3n \u00fanica que se utiliza para generar datos estad\u00edsticos acerca de c\u00f3mo utiliza el visitante el sitio web.<\/td><td class=\"has-text-align-left\" data-align=\"left\">2 a\u00f1os<\/td><\/tr><tr><td class=\"has-text-align-left\" data-align=\"left\">_gat<\/td><td class=\"has-text-align-left\" data-align=\"left\">j70studio.com<\/td><td class=\"has-text-align-left\" data-align=\"left\">Utilizado por Google Analytics para controlar la tasa de peticiones.<\/td><td class=\"has-text-align-left\" data-align=\"left\">1 a\u00f1o<\/td><\/tr><tr><td class=\"has-text-align-left\" data-align=\"left\">_gid<\/td><td class=\"has-text-align-left\" data-align=\"left\">j70studio.com<\/td><td class=\"has-text-align-left\" data-align=\"left\">Registra una identificaci\u00f3n \u00fanica que se utiliza para generar datos estad\u00edsticos acerca de c\u00f3mo utiliza el visitante el sitio web.<\/td><td class=\"has-text-align-left\" data-align=\"left\">1 a\u00f1o<\/td><\/tr><\/tbody><\/table><\/figure>\n\n\n\n<p><strong>Cookies de publicidad comportamental<\/strong><\/p>\n\n\n\n<figure class=\"wp-block-table\"><table class=\"has-fixed-layout\"><tbody><tr><td class=\"has-text-align-left\" data-align=\"left\"><strong>Nombre<\/strong><\/td><td class=\"has-text-align-left\" data-align=\"left\"><strong>Proveedor<\/strong><\/td><td class=\"has-text-align-left\" data-align=\"left\"><strong>Descripci\u00f3n<\/strong><\/td><td class=\"has-text-align-left\" data-align=\"left\"><strong>Persistencia<\/strong><\/td><\/tr><tr><td class=\"has-text-align-left\" data-align=\"left\">_ga<\/td><td class=\"has-text-align-left\" data-align=\"left\">j70studio.com<\/td><td class=\"has-text-align-left\" data-align=\"left\">Registra una identificaci\u00f3n \u00fanica que se utiliza para generar datos estad\u00edsticos acerca de c\u00f3mo utiliza el visitante el sitio web.<\/td><td class=\"has-text-align-left\" data-align=\"left\">2 a\u00f1os<\/td><\/tr><tr><td class=\"has-text-align-left\" data-align=\"left\">ads\/ga-audiences<\/td><td class=\"has-text-align-left\" data-align=\"left\">google.com<\/td><td class=\"has-text-align-left\" data-align=\"left\">Utilizada por Google AdWords para reconectar con visitantes que tienen posibilidades de convertirse en clientes, se basa en el comportamiento online del cliente a trav\u00e9s de las webs.<\/td><td class=\"has-text-align-left\" data-align=\"left\">Sesi\u00f3n<\/td><\/tr><\/tbody><\/table><\/figure>\n\n\n\n<p><strong>C\u00f3mo eliminar las cookies<\/strong><\/p>\n\n\n\n<p>Desde su equipo puede eliminar las \u00abcookies\u00bb instaladas en cada navegador que use. Las \u00abcookies\u00bb se instalan en cada navegador empleado para visitarnos, y por tanto deber\u00e1 eliminarlas de cada uno de ellos. Aqu\u00ed tiene informaci\u00f3n sobre c\u00f3mo hacerlo en los principales navegadores:<\/p>\n\n\n\n<ul class=\"wp-block-list\">\n<li><a href=\"https:\/\/support.google.com\/accounts\/answer\/32050?hl=es&amp;co=GENIE.Platform%3DDesktop\">Eliminar \u00abcookies\u00bb en Chrome<\/a><\/li>\n\n\n\n<li><a href=\"https:\/\/support.mozilla.org\/es\/kb\/Borrar%20cookies\">Eliminar \u00abcookies\u00bb en Firefox<\/a><\/li>\n\n\n\n<li><a href=\"https:\/\/support.microsoft.com\/es-es\/windows\/administrar-cookies-en-microsoft-edge-ver-permitir-bloquear-eliminar-y-usar-168dab11-0753-043d-7c16-ede5947fc64d#ie=ie-11\">Eliminar \u00abcookies\u00bb en Internet Explorer<\/a><\/li>\n\n\n\n<li><a href=\"https:\/\/support.apple.com\/es-es\/105082\">Eliminar \u00abcookies\u00bb en Safari<\/a><\/li>\n\n\n\n<li><a href=\"https:\/\/blogs.opera.com\/la-spain\/2016\/04\/como-borrar-el-historial-de-navegacion\/\">Eliminar \u00abcookies\u00bb en Opera<\/a><\/li>\n<\/ul>","protected":false},"excerpt":{"rendered":"<p>Uso de Cookies Nuestro sitio web utiliza \u00abcookies\u00bb para mejorar la navegaci\u00f3n y obtener datos estad\u00edsticos sobre las visitas obtenidas. [&hellip;]<\/p>\n","protected":false},"author":1,"featured_media":0,"parent":0,"menu_order":0,"comment_status":"closed","ping_status":"closed","template":"","meta":{"_uag_custom_page_level_css":"","site-sidebar-layout":"default","site-content-layout":"","ast-site-content-layout":"default","site-content-style":"default","site-sidebar-style":"default","ast-global-header-display":"","ast-banner-title-visibility":"","ast-main-header-display":"","ast-hfb-above-header-display":"","ast-hfb-below-header-display":"","ast-hfb-mobile-header-display":"","site-post-title":"","ast-breadcrumbs-content":"","ast-featured-img":"","footer-sml-layout":"","ast-disable-related-posts":"","theme-transparent-header-meta":"","adv-header-id-meta":"","stick-header-meta":"","header-above-stick-meta":"","header-main-stick-meta":"","header-below-stick-meta":"","astra-migrate-meta-layouts":"default","ast-page-background-enabled":"default","ast-page-background-meta":{"desktop":{"background-color":"var(--ast-global-color-5)","background-image":"","background-repeat":"repeat","background-position":"center center","background-size":"auto","background-attachment":"scroll","background-type":"","background-media":"","overlay-type":"","overlay-color":"","overlay-opacity":"","overlay-gradient":""},"tablet":{"background-color":"","background-image":"","background-repeat":"repeat","background-position":"center center","background-size":"auto","background-attachment":"scroll","background-type":"","background-media":"","overlay-type":"","overlay-color":"","overlay-opacity":"","overlay-gradient":""},"mobile":{"background-color":"","background-image":"","background-repeat":"repeat","background-position":"center center","background-size":"auto","background-attachment":"scroll","background-type":"","background-media":"","overlay-type":"","overlay-color":"","overlay-opacity":"","overlay-gradient":""}},"ast-content-background-meta":{"desktop":{"background-color":"var(--ast-global-color-4)","background-image":"","background-repeat":"repeat","background-position":"center center","background-size":"auto","background-attachment":"scroll","background-type":"","background-media":"","overlay-type":"","overlay-color":"","overlay-opacity":"","overlay-gradient":""},"tablet":{"background-color":"var(--ast-global-color-4)","background-image":"","background-repeat":"repeat","background-position":"center center","background-size":"auto","background-attachment":"scroll","background-type":"","background-media":"","overlay-type":"","overlay-color":"","overlay-opacity":"","overlay-gradient":""},"mobile":{"background-color":"var(--ast-global-color-4)","background-image":"","background-repeat":"repeat","background-position":"center center","background-size":"auto","background-attachment":"scroll","background-type":"","background-media":"","overlay-type":"","overlay-color":"","overlay-opacity":"","overlay-gradient":""}},"footnotes":""},"class_list":["post-20","page","type-page","status-publish","hentry"],"yoast_head":"<!-- This site is optimized with the Yoast SEO plugin v27.4 - https:\/\/yoast.com\/product\/yoast-seo-wordpress\/ -->\n<title>Pol\u00edtica de Cookies - J70 Studio<\/title>\n<meta name=\"robots\" content=\"index, follow, max-snippet:-1, max-image-preview:large, max-video-preview:-1\" \/>\n<link rel=\"canonical\" href=\"https:\/\/j70studio.com\/eu\/politica-de-cookies\/\" \/>\n<meta property=\"og:locale\" content=\"en_US\" \/>\n<meta property=\"og:type\" content=\"article\" \/>\n<meta property=\"og:title\" content=\"Pol\u00edtica de Cookies - J70 Studio\" \/>\n<meta property=\"og:description\" content=\"Uso de Cookies Nuestro sitio web utiliza \u00abcookies\u00bb para mejorar la navegaci\u00f3n y obtener datos estad\u00edsticos sobre las visitas obtenidas. [&hellip;]\" \/>\n<meta property=\"og:url\" content=\"https:\/\/j70studio.com\/eu\/politica-de-cookies\/\" \/>\n<meta property=\"og:site_name\" content=\"J70 Studio\" \/>\n<meta property=\"article:modified_time\" content=\"2026-04-30T11:55:21+00:00\" \/>\n<meta name=\"twitter:card\" content=\"summary_large_image\" \/>\n<meta name=\"twitter:label1\" content=\"Est. reading time\" \/>\n\t<meta name=\"twitter:data1\" content=\"6 minutua\" \/>\n<script type=\"application\/ld+json\" class=\"yoast-schema-graph\">{\"@context\":\"https:\\\/\\\/schema.org\",\"@graph\":[{\"@type\":\"WebPage\",\"@id\":\"https:\\\/\\\/j70studio.com\\\/politica-de-cookies\\\/\",\"url\":\"https:\\\/\\\/j70studio.com\\\/politica-de-cookies\\\/\",\"name\":\"Pol\u00edtica de Cookies - J70 Studio\",\"isPartOf\":{\"@id\":\"https:\\\/\\\/j70studio.com\\\/#website\"},\"datePublished\":\"2026-03-23T14:32:06+00:00\",\"dateModified\":\"2026-04-30T11:55:21+00:00\",\"breadcrumb\":{\"@id\":\"https:\\\/\\\/j70studio.com\\\/politica-de-cookies\\\/#breadcrumb\"},\"inLanguage\":\"eu\",\"potentialAction\":[{\"@type\":\"ReadAction\",\"target\":[\"https:\\\/\\\/j70studio.com\\\/politica-de-cookies\\\/\"]}]},{\"@type\":\"BreadcrumbList\",\"@id\":\"https:\\\/\\\/j70studio.com\\\/politica-de-cookies\\\/#breadcrumb\",\"itemListElement\":[{\"@type\":\"ListItem\",\"position\":1,\"name\":\"Portada\",\"item\":\"https:\\\/\\\/j70studio.com\\\/\"},{\"@type\":\"ListItem\",\"position\":2,\"name\":\"Pol\u00edtica de Cookies\"}]},{\"@type\":\"WebSite\",\"@id\":\"https:\\\/\\\/j70studio.com\\\/#website\",\"url\":\"https:\\\/\\\/j70studio.com\\\/\",\"name\":\"J70\",\"description\":\"\",\"publisher\":{\"@id\":\"https:\\\/\\\/j70studio.com\\\/#organization\"},\"potentialAction\":[{\"@type\":\"SearchAction\",\"target\":{\"@type\":\"EntryPoint\",\"urlTemplate\":\"https:\\\/\\\/j70studio.com\\\/?s={search_term_string}\"},\"query-input\":{\"@type\":\"PropertyValueSpecification\",\"valueRequired\":true,\"valueName\":\"search_term_string\"}}],\"inLanguage\":\"eu\"},{\"@type\":\"Organization\",\"@id\":\"https:\\\/\\\/j70studio.com\\\/#organization\",\"name\":\"Ultimate Blogging Championship\",\"url\":\"https:\\\/\\\/j70studio.com\\\/\",\"logo\":{\"@type\":\"ImageObject\",\"inLanguage\":\"eu\",\"@id\":\"https:\\\/\\\/j70studio.com\\\/#\\\/schema\\\/logo\\\/image\\\/\",\"url\":\"https:\\\/\\\/j70studio.com\\\/wp-content\\\/uploads\\\/2026\\\/03\\\/J70logo.webp\",\"contentUrl\":\"https:\\\/\\\/j70studio.com\\\/wp-content\\\/uploads\\\/2026\\\/03\\\/J70logo.webp\",\"width\":300,\"height\":141,\"caption\":\"Ultimate Blogging Championship\"},\"image\":{\"@id\":\"https:\\\/\\\/j70studio.com\\\/#\\\/schema\\\/logo\\\/image\\\/\"}}]}<\/script>\n<!-- \/ Yoast SEO plugin. -->","yoast_head_json":{"title":"Pol\u00edtica de Cookies - J70 Studio","robots":{"index":"index","follow":"follow","max-snippet":"max-snippet:-1","max-image-preview":"max-image-preview:large","max-video-preview":"max-video-preview:-1"},"canonical":"https:\/\/j70studio.com\/eu\/politica-de-cookies\/","og_locale":"en_US","og_type":"article","og_title":"Pol\u00edtica de Cookies - J70 Studio","og_description":"Uso de Cookies Nuestro sitio web utiliza \u00abcookies\u00bb para mejorar la navegaci\u00f3n y obtener datos estad\u00edsticos sobre las visitas obtenidas. [&hellip;]","og_url":"https:\/\/j70studio.com\/eu\/politica-de-cookies\/","og_site_name":"J70 Studio","article_modified_time":"2026-04-30T11:55:21+00:00","twitter_card":"summary_large_image","twitter_misc":{"Est. reading time":"6 minutua"},"schema":{"@context":"https:\/\/schema.org","@graph":[{"@type":"WebPage","@id":"https:\/\/j70studio.com\/politica-de-cookies\/","url":"https:\/\/j70studio.com\/politica-de-cookies\/","name":"Pol\u00edtica de Cookies - J70 Studio","isPartOf":{"@id":"https:\/\/j70studio.com\/#website"},"datePublished":"2026-03-23T14:32:06+00:00","dateModified":"2026-04-30T11:55:21+00:00","breadcrumb":{"@id":"https:\/\/j70studio.com\/politica-de-cookies\/#breadcrumb"},"inLanguage":"eu","potentialAction":[{"@type":"ReadAction","target":["https:\/\/j70studio.com\/politica-de-cookies\/"]}]},{"@type":"BreadcrumbList","@id":"https:\/\/j70studio.com\/politica-de-cookies\/#breadcrumb","itemListElement":[{"@type":"ListItem","position":1,"name":"Portada","item":"https:\/\/j70studio.com\/"},{"@type":"ListItem","position":2,"name":"Pol\u00edtica de Cookies"}]},{"@type":"WebSite","@id":"https:\/\/j70studio.com\/#website","url":"https:\/\/j70studio.com\/","name":"J70","description":"","publisher":{"@id":"https:\/\/j70studio.com\/#organization"},"potentialAction":[{"@type":"SearchAction","target":{"@type":"EntryPoint","urlTemplate":"https:\/\/j70studio.com\/?s={search_term_string}"},"query-input":{"@type":"PropertyValueSpecification","valueRequired":true,"valueName":"search_term_string"}}],"inLanguage":"eu"},{"@type":"Organization","@id":"https:\/\/j70studio.com\/#organization","name":"Ultimate Blogging Championship","url":"https:\/\/j70studio.com\/","logo":{"@type":"ImageObject","inLanguage":"eu","@id":"https:\/\/j70studio.com\/#\/schema\/logo\/image\/","url":"https:\/\/j70studio.com\/wp-content\/uploads\/2026\/03\/J70logo.webp","contentUrl":"https:\/\/j70studio.com\/wp-content\/uploads\/2026\/03\/J70logo.webp","width":300,"height":141,"caption":"Ultimate Blogging Championship"},"image":{"@id":"https:\/\/j70studio.com\/#\/schema\/logo\/image\/"}}]}},"spectra_custom_meta":{"_edit_lock":["1777550166:1"],"_edit_last":["1"],"_yoast_wpseo_content_score":["30"],"_yoast_wpseo_estimated-reading-time-minutes":["6"],"astra_style_timestamp_css":["1777565001"],"_uag_page_assets":["a:9:{s:3:\"css\";s:260:\".uag-blocks-common-selector{z-index:var(--z-index-desktop) !important}@media(max-width: 976px){.uag-blocks-common-selector{z-index:var(--z-index-tablet) !important}}@media(max-width: 767px){.uag-blocks-common-selector{z-index:var(--z-index-mobile) !important}}\";s:2:\"js\";s:0:\"\";s:18:\"current_block_list\";a:12:{i:0;s:14:\"core\/paragraph\";i:1;s:9:\"core\/list\";i:2;s:14:\"core\/list-item\";i:3;s:10:\"core\/table\";i:4;s:11:\"core\/search\";i:5;s:10:\"core\/group\";i:6;s:12:\"core\/heading\";i:7;s:17:\"core\/latest-posts\";i:8;s:20:\"core\/latest-comments\";i:9;s:13:\"core\/archives\";i:10;s:15:\"core\/categories\";i:11;s:10:\"core\/image\";}s:8:\"uag_flag\";b:0;s:11:\"uag_version\";s:10:\"1777562811\";s:6:\"gfonts\";a:0:{}s:10:\"gfonts_url\";s:0:\"\";s:12:\"gfonts_files\";a:0:{}s:14:\"uag_faq_layout\";b:0;}"],"_uag_css_file_name":["uag-css-20.css"]},"uagb_featured_image_src":{"full":false,"thumbnail":false,"medium":false,"medium_large":false,"large":false,"1536x1536":false,"2048x2048":false,"trp-custom-language-flag":false,"gform-image-choice-sm":false,"gform-image-choice-md":false,"gform-image-choice-lg":false},"uagb_author_info":{"display_name":"admin","author_link":"#"},"uagb_comment_info":0,"uagb_excerpt":"Uso de Cookies Nuestro sitio web utiliza \u00abcookies\u00bb para mejorar la navegaci\u00f3n y obtener datos estad\u00edsticos sobre las visitas obtenidas. [&hellip;]","_links":{"self":[{"href":"https:\/\/j70studio.com\/eu\/wp-json\/wp\/v2\/pages\/20","targetHints":{"allow":["GET"]}}],"collection":[{"href":"https:\/\/j70studio.com\/eu\/wp-json\/wp\/v2\/pages"}],"about":[{"href":"https:\/\/j70studio.com\/eu\/wp-json\/wp\/v2\/types\/page"}],"author":[{"embeddable":true,"href":"https:\/\/j70studio.com\/eu\/wp-json\/wp\/v2\/users\/1"}],"replies":[{"embeddable":true,"href":"https:\/\/j70studio.com\/eu\/wp-json\/wp\/v2\/comments?post=20"}],"version-history":[{"count":2,"href":"https:\/\/j70studio.com\/eu\/wp-json\/wp\/v2\/pages\/20\/revisions"}],"predecessor-version":[{"id":782,"href":"https:\/\/j70studio.com\/eu\/wp-json\/wp\/v2\/pages\/20\/revisions\/782"}],"wp:attachment":[{"href":"https:\/\/j70studio.com\/eu\/wp-json\/wp\/v2\/media?parent=20"}],"curies":[{"name":"wp","href":"https:\/\/api.w.org\/{rel}","templated":true}]}}